{"id":171,"date":"2023-07-21T14:31:49","date_gmt":"2023-07-21T17:31:49","guid":{"rendered":"https:\/\/wiki.azulcard.com.br\/?page_id=171"},"modified":"2023-07-21T14:33:54","modified_gmt":"2023-07-21T17:33:54","slug":"implantacao-de-sistema","status":"publish","type":"page","link":"https:\/\/wiki.azulcard.com.br\/?page_id=171","title":{"rendered":"IMPLANTA\u00c7\u00c3O DE SISTEMA"},"content":{"rendered":"\t\t<div data-elementor-type=\"wp-page\" data-elementor-id=\"171\" class=\"elementor elementor-171\">\n\t\t\t\t\t\t\t<div class=\"elementor-element elementor-element-d88ab34 e-flex e-con-boxed e-con e-parent\" data-id=\"d88ab34\" data-element_type=\"container\" data-settings=\"{&quot;container_type&quot;:&quot;flex&quot;,&quot;content_width&quot;:&quot;boxed&quot;}\" data-core-v316-plus=\"true\">\n\t\t\t\t\t<div class=\"e-con-inner\">\n\t\t\t\t<div class=\"elementor-element elementor-element-180aaa6 elementor-widget elementor-widget-heading\" data-id=\"180aaa6\" data-element_type=\"widget\" data-widget_type=\"heading.default\">\n\t\t\t\t<div class=\"elementor-widget-container\">\n\t\t\t<style>\/*! elementor - v3.16.0 - 13-09-2023 *\/\n.elementor-heading-title{padding:0;margin:0;line-height:1}.elementor-widget-heading .elementor-heading-title[class*=elementor-size-]>a{color:inherit;font-size:inherit;line-height:inherit}.elementor-widget-heading .elementor-heading-title.elementor-size-small{font-size:15px}.elementor-widget-heading .elementor-heading-title.elementor-size-medium{font-size:19px}.elementor-widget-heading .elementor-heading-title.elementor-size-large{font-size:29px}.elementor-widget-heading .elementor-heading-title.elementor-size-xl{font-size:39px}.elementor-widget-heading .elementor-heading-title.elementor-size-xxl{font-size:59px}<\/style><h2 class=\"elementor-heading-title elementor-size-default\">IMPLANTA\u00c7\u00c3O V2<\/h2>\t\t<\/div>\n\t\t\t\t<\/div>\n\t\t\t\t\t<\/div>\n\t\t\t\t<\/div>\n\t\t<div class=\"elementor-element elementor-element-b206e19 e-flex e-con-boxed e-con e-parent\" data-id=\"b206e19\" data-element_type=\"container\" data-settings=\"{&quot;container_type&quot;:&quot;flex&quot;,&quot;content_width&quot;:&quot;boxed&quot;}\" data-core-v316-plus=\"true\">\n\t\t\t\t\t<div class=\"e-con-inner\">\n\t\t\t\t<div class=\"elementor-element elementor-element-f154fd5 elementor-widget elementor-widget-shortcode\" data-id=\"f154fd5\" data-element_type=\"widget\" data-widget_type=\"shortcode.default\">\n\t\t\t\t<div class=\"elementor-widget-container\">\n\t\t\t\t\t<div class=\"elementor-shortcode\"><div class=\"wpforms-container wpforms-container-full wpforms-render-modern\" id=\"wpforms-138\"><form id=\"wpforms-form-138\" class=\"wpforms-validate wpforms-form wpforms-ajax-form\" data-formid=\"138\" method=\"post\" enctype=\"multipart\/form-data\" action=\"\/index.php?rest_route=%2Fwp%2Fv2%2Fpages%2F171\" data-token=\"dec5aef51cbe0362609b7aede9819776\"><noscript class=\"wpforms-error-noscript\">Please enable JavaScript in your browser to complete this form.<\/noscript><div class=\"wpforms-hidden\" id=\"wpforms-error-noscript\">Please enable JavaScript in your browser to complete this form.<\/div><div class=\"wpforms-field-container\"><div id=\"wpforms-138-field_4-container\" class=\"wpforms-field wpforms-field-text\" data-field-id=\"4\"><label class=\"wpforms-field-label\" for=\"wpforms-138-field_4\">NOME COMPLETO DO S\u00d3CIO (A) <span class=\"wpforms-required-label\" aria-hidden=\"true\">*<\/span><\/label><input type=\"text\" id=\"wpforms-138-field_4\" class=\"wpforms-field-large wpforms-field-required\" name=\"wpforms[fields][4]\" aria-errormessage=\"wpforms-138-field_4-error\" required><\/div><div id=\"wpforms-138-field_2-container\" class=\"wpforms-field wpforms-field-text wpforms-one-third wpforms-first\" data-field-id=\"2\"><label class=\"wpforms-field-label\" for=\"wpforms-138-field_2\">CNPJ <span class=\"wpforms-required-label\" aria-hidden=\"true\">*<\/span><\/label><input type=\"text\" id=\"wpforms-138-field_2\" class=\"wpforms-field-medium wpforms-field-required wpforms-masked-input\" data-rule-inputmask-incomplete=\"1\" data-inputmask-mask=\"99999999999999\" name=\"wpforms[fields][2]\" aria-errormessage=\"wpforms-138-field_2-error\" required><\/div><div id=\"wpforms-138-field_3-container\" class=\"wpforms-field wpforms-field-text wpforms-one-third\" data-field-id=\"3\"><label class=\"wpforms-field-label\" for=\"wpforms-138-field_3\">CPF <span class=\"wpforms-required-label\" aria-hidden=\"true\">*<\/span><\/label><input type=\"text\" id=\"wpforms-138-field_3\" class=\"wpforms-field-medium wpforms-field-required wpforms-masked-input\" data-rule-inputmask-incomplete=\"1\" data-inputmask-mask=\"99999999999\" name=\"wpforms[fields][3]\" aria-errormessage=\"wpforms-138-field_3-error\" required><\/div><div id=\"wpforms-138-field_19-container\" class=\"wpforms-field wpforms-field-text\" data-field-id=\"19\"><label class=\"wpforms-field-label\" for=\"wpforms-138-field_19\">RG <span class=\"wpforms-required-label\" aria-hidden=\"true\">*<\/span><\/label><input type=\"text\" id=\"wpforms-138-field_19\" class=\"wpforms-field-medium wpforms-field-required wpforms-masked-input\" data-rule-inputmask-incomplete=\"1\" data-inputmask-mask=\"9999999999\" name=\"wpforms[fields][19]\" aria-errormessage=\"wpforms-138-field_19-error\" required><\/div><div id=\"wpforms-138-field_18-container\" class=\"wpforms-field wpforms-field-date-time\" data-field-id=\"18\"><label class=\"wpforms-field-label\" for=\"wpforms-138-field_18\">Data da Nascimento <span class=\"wpforms-required-label\" aria-hidden=\"true\">*<\/span><\/label><div class=\"wpforms-datepicker-wrap\"><input type=\"text\" id=\"wpforms-138-field_18\" class=\"wpforms-field-date-time-date wpforms-datepicker wpforms-field-required wpforms-field-medium\" data-date-format=\"m\/d\/Y\" data-disable-past-dates=\"0\" data-input=\"true\" name=\"wpforms[fields][18][date]\" aria-errormessage=\"wpforms-138-field_18-error\" required><a title=\"Clear Date\" data-clear class=\"wpforms-datepicker-clear\" style=\"display:none;\"><\/a><\/div><\/div><div id=\"wpforms-138-field_5-container\" class=\"wpforms-field wpforms-field-text wpforms-one-third\" data-field-id=\"5\"><label class=\"wpforms-field-label\" for=\"wpforms-138-field_5\">TELEFONE FIXO COM DDD <span class=\"wpforms-required-label\" aria-hidden=\"true\">*<\/span><\/label><input type=\"text\" id=\"wpforms-138-field_5\" class=\"wpforms-field-medium wpforms-field-required wpforms-masked-input\" data-rule-inputmask-incomplete=\"1\" data-inputmask-mask=\"9999999999\" name=\"wpforms[fields][5]\" aria-errormessage=\"wpforms-138-field_5-error\" required><\/div><div id=\"wpforms-138-field_6-container\" class=\"wpforms-field wpforms-field-checkbox\" data-field-id=\"6\"><fieldset><legend class=\"wpforms-field-label\">SE ANTECIPA, SELECIONE AS OP\u00c7\u00d5ES ABAIXO: <span class=\"wpforms-required-label\" aria-hidden=\"true\">*<\/span><\/legend><ul id=\"wpforms-138-field_6\" class=\"wpforms-field-required\"><li class=\"choice-1 depth-1\"><input type=\"checkbox\" id=\"wpforms-138-field_6_1\" name=\"wpforms[fields][6][]\" value=\"ANTECIPA OS CR\u00c9DITOS \u00c0 VISTA\" aria-errormessage=\"wpforms-138-field_6_1-error\" required ><label class=\"wpforms-field-label-inline\" for=\"wpforms-138-field_6_1\">ANTECIPA OS CR\u00c9DITOS \u00c0 VISTA<\/label><\/li><li class=\"choice-4 depth-1\"><input type=\"checkbox\" id=\"wpforms-138-field_6_4\" name=\"wpforms[fields][6][]\" value=\"ANTECIPA OS CR\u00c9DITOS PARCELADOS\" aria-errormessage=\"wpforms-138-field_6_4-error\" required ><label class=\"wpforms-field-label-inline\" for=\"wpforms-138-field_6_4\">ANTECIPA OS CR\u00c9DITOS PARCELADOS<\/label><\/li><li class=\"choice-2 depth-1\"><input type=\"checkbox\" id=\"wpforms-138-field_6_2\" name=\"wpforms[fields][6][]\" value=\"ANTECIPA OS VOUCHERS (ALIMENTA\u00c7\u00c3O\/REFEI\u00c7\u00c3O)\" aria-errormessage=\"wpforms-138-field_6_2-error\" required ><label class=\"wpforms-field-label-inline\" for=\"wpforms-138-field_6_2\">ANTECIPA OS VOUCHERS (ALIMENTA\u00c7\u00c3O\/REFEI\u00c7\u00c3O)<\/label><\/li><\/ul><\/fieldset><\/div><div id=\"wpforms-138-field_7-container\" class=\"wpforms-field wpforms-field-checkbox\" data-field-id=\"7\"><fieldset><legend class=\"wpforms-field-label\">QUAIS AS M\u00c1QUINAS DE CART\u00d5ES QUE VOC\u00ca UTILIZA? <span class=\"wpforms-required-label\" aria-hidden=\"true\">*<\/span><\/legend><ul id=\"wpforms-138-field_7\" class=\"wpforms-field-required\"><li class=\"choice-4 depth-1\"><input type=\"checkbox\" id=\"wpforms-138-field_7_4\" name=\"wpforms[fields][7][]\" value=\"BIN\" aria-errormessage=\"wpforms-138-field_7_4-error\" required ><label class=\"wpforms-field-label-inline\" for=\"wpforms-138-field_7_4\">BIN<\/label><\/li><li class=\"choice-5 depth-1\"><input type=\"checkbox\" id=\"wpforms-138-field_7_5\" name=\"wpforms[fields][7][]\" value=\"CIELO\" aria-errormessage=\"wpforms-138-field_7_5-error\" required ><label class=\"wpforms-field-label-inline\" for=\"wpforms-138-field_7_5\">CIELO<\/label><\/li><li class=\"choice-6 depth-1\"><input type=\"checkbox\" id=\"wpforms-138-field_7_6\" name=\"wpforms[fields][7][]\" value=\"REDE\" aria-errormessage=\"wpforms-138-field_7_6-error\" required ><label class=\"wpforms-field-label-inline\" for=\"wpforms-138-field_7_6\">REDE<\/label><\/li><li class=\"choice-7 depth-1\"><input type=\"checkbox\" id=\"wpforms-138-field_7_7\" name=\"wpforms[fields][7][]\" value=\"STONE\" aria-errormessage=\"wpforms-138-field_7_7-error\" required ><label class=\"wpforms-field-label-inline\" for=\"wpforms-138-field_7_7\">STONE<\/label><\/li><li class=\"choice-8 depth-1\"><input type=\"checkbox\" id=\"wpforms-138-field_7_8\" name=\"wpforms[fields][7][]\" value=\"GETNET\" aria-errormessage=\"wpforms-138-field_7_8-error\" required ><label class=\"wpforms-field-label-inline\" for=\"wpforms-138-field_7_8\">GETNET<\/label><\/li><li class=\"choice-9 depth-1\"><input type=\"checkbox\" id=\"wpforms-138-field_7_9\" name=\"wpforms[fields][7][]\" value=\"VERO\" aria-errormessage=\"wpforms-138-field_7_9-error\" required ><label class=\"wpforms-field-label-inline\" for=\"wpforms-138-field_7_9\">VERO<\/label><\/li><li class=\"choice-10 depth-1\"><input type=\"checkbox\" id=\"wpforms-138-field_7_10\" name=\"wpforms[fields][7][]\" value=\"SICREDI\" aria-errormessage=\"wpforms-138-field_7_10-error\" required ><label class=\"wpforms-field-label-inline\" for=\"wpforms-138-field_7_10\">SICREDI<\/label><\/li><li class=\"choice-11 depth-1\"><input type=\"checkbox\" id=\"wpforms-138-field_7_11\" name=\"wpforms[fields][7][]\" value=\"OUTROS\" aria-errormessage=\"wpforms-138-field_7_11-error\" required ><label class=\"wpforms-field-label-inline\" for=\"wpforms-138-field_7_11\">OUTROS<\/label><\/li><\/ul><\/fieldset><\/div><div id=\"wpforms-138-field_8-container\" class=\"wpforms-field wpforms-field-radio wpforms-one-half wpforms-first wpforms-conditional-trigger\" data-field-id=\"8\"><fieldset><legend class=\"wpforms-field-label\">TEM OU J\u00c1 FEZ EMPR\u00c9STIMO <span class=\"wpforms-required-label\" aria-hidden=\"true\">*<\/span><\/legend><ul id=\"wpforms-138-field_8\" class=\"wpforms-field-required\"><li class=\"choice-1 depth-1\"><input type=\"radio\" id=\"wpforms-138-field_8_1\" name=\"wpforms[fields][8]\" value=\"SIM\" aria-errormessage=\"wpforms-138-field_8_1-error\" required ><label class=\"wpforms-field-label-inline\" for=\"wpforms-138-field_8_1\">SIM<\/label><\/li><li class=\"choice-2 depth-1\"><input type=\"radio\" id=\"wpforms-138-field_8_2\" name=\"wpforms[fields][8]\" value=\"N\u00c3O\" aria-errormessage=\"wpforms-138-field_8_2-error\" required ><label class=\"wpforms-field-label-inline\" for=\"wpforms-138-field_8_2\">N\u00c3O<\/label><\/li><\/ul><\/fieldset><\/div><div id=\"wpforms-138-field_9-container\" class=\"wpforms-field wpforms-field-radio wpforms-one-half wpforms-conditional-field wpforms-conditional-show\" data-field-id=\"9\" style=\"display:none;\"><fieldset><legend class=\"wpforms-field-label\">J\u00c1 QUITOU O EMPR\u00c9STIMO?<\/legend><ul id=\"wpforms-138-field_9\"><li class=\"choice-1 depth-1\"><input type=\"radio\" id=\"wpforms-138-field_9_1\" name=\"wpforms[fields][9]\" value=\"SIM\" aria-errormessage=\"wpforms-138-field_9_1-error\"  ><label class=\"wpforms-field-label-inline\" for=\"wpforms-138-field_9_1\">SIM<\/label><\/li><li class=\"choice-2 depth-1\"><input type=\"radio\" id=\"wpforms-138-field_9_2\" name=\"wpforms[fields][9]\" value=\"N\u00c3O\" aria-errormessage=\"wpforms-138-field_9_2-error\"  ><label class=\"wpforms-field-label-inline\" for=\"wpforms-138-field_9_2\">N\u00c3O<\/label><\/li><\/ul><\/fieldset><\/div><div id=\"wpforms-138-field_10-container\" class=\"wpforms-field wpforms-field-radio wpforms-conditional-trigger\" data-field-id=\"10\"><fieldset><legend class=\"wpforms-field-label\">TEM SISTEMA TEF? <span class=\"wpforms-required-label\" aria-hidden=\"true\">*<\/span><\/legend><ul id=\"wpforms-138-field_10\" class=\"wpforms-field-required\"><li class=\"choice-1 depth-1\"><input type=\"radio\" id=\"wpforms-138-field_10_1\" name=\"wpforms[fields][10]\" value=\"SIM\" aria-errormessage=\"wpforms-138-field_10_1-error\" required ><label class=\"wpforms-field-label-inline\" for=\"wpforms-138-field_10_1\">SIM<\/label><\/li><li class=\"choice-2 depth-1\"><input type=\"radio\" id=\"wpforms-138-field_10_2\" name=\"wpforms[fields][10]\" value=\"N\u00c3O\" aria-errormessage=\"wpforms-138-field_10_2-error\" required ><label class=\"wpforms-field-label-inline\" for=\"wpforms-138-field_10_2\">N\u00c3O<\/label><\/li><\/ul><\/fieldset><\/div><div id=\"wpforms-138-field_17-container\" class=\"wpforms-field wpforms-field-text wpforms-conditional-field wpforms-conditional-show\" data-field-id=\"17\" style=\"display:none;\"><label class=\"wpforms-field-label\" for=\"wpforms-138-field_17\">QUANTOS PDV? <span class=\"wpforms-required-label\" aria-hidden=\"true\">*<\/span><\/label><input type=\"text\" id=\"wpforms-138-field_17\" class=\"wpforms-field-medium wpforms-field-required\" name=\"wpforms[fields][17]\" aria-errormessage=\"wpforms-138-field_17-error\" required><\/div><div id=\"wpforms-138-field_22-container\" class=\"wpforms-field wpforms-field-text wpforms-conditional-field wpforms-conditional-show\" data-field-id=\"22\" style=\"display:none;\"><label class=\"wpforms-field-label\" for=\"wpforms-138-field_22\">QUAL SISTEMA TEF UTILIZA? <span class=\"wpforms-required-label\" aria-hidden=\"true\">*<\/span><\/label><input type=\"text\" id=\"wpforms-138-field_22\" class=\"wpforms-field-medium wpforms-field-required\" name=\"wpforms[fields][22]\" aria-errormessage=\"wpforms-138-field_22-error\" required><\/div><div id=\"wpforms-138-field_11-container\" class=\"wpforms-field wpforms-field-radio\" data-field-id=\"11\"><fieldset><legend class=\"wpforms-field-label\">REGIME TRIBUT\u00c1RIO <span class=\"wpforms-required-label\" aria-hidden=\"true\">*<\/span><\/legend><ul id=\"wpforms-138-field_11\" class=\"wpforms-field-required\"><li class=\"choice-1 depth-1\"><input type=\"radio\" id=\"wpforms-138-field_11_1\" name=\"wpforms[fields][11]\" value=\"SIMPLES\" aria-errormessage=\"wpforms-138-field_11_1-error\" required ><label class=\"wpforms-field-label-inline\" for=\"wpforms-138-field_11_1\">SIMPLES<\/label><\/li><li class=\"choice-2 depth-1\"><input type=\"radio\" id=\"wpforms-138-field_11_2\" name=\"wpforms[fields][11]\" value=\"PRESUMIDO\" aria-errormessage=\"wpforms-138-field_11_2-error\" required ><label class=\"wpforms-field-label-inline\" for=\"wpforms-138-field_11_2\">PRESUMIDO<\/label><\/li><li class=\"choice-3 depth-1\"><input type=\"radio\" id=\"wpforms-138-field_11_3\" name=\"wpforms[fields][11]\" value=\"LUCRO REAL\" aria-errormessage=\"wpforms-138-field_11_3-error\" required ><label class=\"wpforms-field-label-inline\" for=\"wpforms-138-field_11_3\">LUCRO REAL<\/label><\/li><\/ul><\/fieldset><\/div><div id=\"wpforms-138-field_13-container\" class=\"wpforms-field wpforms-field-text\" data-field-id=\"13\"><label class=\"wpforms-field-label\" for=\"wpforms-138-field_13\">FATURAMENTO MENSAL EM CART\u00d5ES <span class=\"wpforms-required-label\" aria-hidden=\"true\">*<\/span><\/label><input type=\"text\" id=\"wpforms-138-field_13\" class=\"wpforms-field-medium wpforms-field-required\" name=\"wpforms[fields][13]\" aria-errormessage=\"wpforms-138-field_13-error\" required><\/div><div id=\"wpforms-138-field_15-container\" class=\"wpforms-field wpforms-field-checkbox\" data-field-id=\"15\"><fieldset><legend class=\"wpforms-field-label\">VOUCHER ( ALIMENTA\u00c7\u00c3O\/REFEI\u00c7\u00c3O )<\/legend><ul id=\"wpforms-138-field_15\"><li class=\"choice-4 depth-1\"><input type=\"checkbox\" id=\"wpforms-138-field_15_4\" name=\"wpforms[fields][15][]\" value=\"ALELO\" aria-errormessage=\"wpforms-138-field_15_4-error\"  ><label class=\"wpforms-field-label-inline\" for=\"wpforms-138-field_15_4\">ALELO<\/label><\/li><li class=\"choice-5 depth-1\"><input type=\"checkbox\" id=\"wpforms-138-field_15_5\" name=\"wpforms[fields][15][]\" value=\"TICKET\" aria-errormessage=\"wpforms-138-field_15_5-error\"  ><label class=\"wpforms-field-label-inline\" for=\"wpforms-138-field_15_5\">TICKET<\/label><\/li><li class=\"choice-6 depth-1\"><input type=\"checkbox\" id=\"wpforms-138-field_15_6\" name=\"wpforms[fields][15][]\" value=\"GREEN CARD\" aria-errormessage=\"wpforms-138-field_15_6-error\"  ><label class=\"wpforms-field-label-inline\" for=\"wpforms-138-field_15_6\">GREEN CARD<\/label><\/li><li class=\"choice-7 depth-1\"><input type=\"checkbox\" id=\"wpforms-138-field_15_7\" name=\"wpforms[fields][15][]\" value=\"VR\" aria-errormessage=\"wpforms-138-field_15_7-error\"  ><label class=\"wpforms-field-label-inline\" for=\"wpforms-138-field_15_7\">VR<\/label><\/li><li class=\"choice-8 depth-1\"><input type=\"checkbox\" id=\"wpforms-138-field_15_8\" name=\"wpforms[fields][15][]\" value=\"SODEXO\" aria-errormessage=\"wpforms-138-field_15_8-error\"  ><label class=\"wpforms-field-label-inline\" for=\"wpforms-138-field_15_8\">SODEXO<\/label><\/li><li class=\"choice-9 depth-1\"><input type=\"checkbox\" id=\"wpforms-138-field_15_9\" name=\"wpforms[fields][15][]\" value=\"UP BRASIL\" aria-errormessage=\"wpforms-138-field_15_9-error\"  ><label class=\"wpforms-field-label-inline\" for=\"wpforms-138-field_15_9\">UP BRASIL<\/label><\/li><li class=\"choice-10 depth-1\"><input type=\"checkbox\" id=\"wpforms-138-field_15_10\" name=\"wpforms[fields][15][]\" value=\"OUTROS\" aria-errormessage=\"wpforms-138-field_15_10-error\"  ><label class=\"wpforms-field-label-inline\" for=\"wpforms-138-field_15_10\">OUTROS<\/label><\/li><\/ul><\/fieldset><\/div><div id=\"wpforms-138-field_20-container\" class=\"wpforms-field wpforms-field-textarea\" data-field-id=\"20\"><label class=\"wpforms-field-label\" for=\"wpforms-138-field_20\">DOMIC\u00cdLIO BANC\u00c1RIO <span class=\"wpforms-required-label\" aria-hidden=\"true\">*<\/span><\/label><textarea id=\"wpforms-138-field_20\" class=\"wpforms-field-medium wpforms-field-required\" name=\"wpforms[fields][20]\" aria-errormessage=\"wpforms-138-field_20-error\" required><\/textarea><\/div><\/div><!-- .wpforms-field-container --><div class=\"wpforms-submit-container\" ><input type=\"hidden\" name=\"wpforms[id]\" value=\"138\"><input type=\"hidden\" name=\"wpforms[author]\" value=\"1\"><button type=\"submit\" name=\"wpforms[submit]\" id=\"wpforms-submit-138\" class=\"wpforms-submit\" data-alt-text=\"Enviando\u2026\" data-submit-text=\"Enviar\" aria-live=\"assertive\" value=\"wpforms-submit\">Enviar<\/button><img decoding=\"async\" loading=\"lazy\" src=\"https:\/\/wiki.azulcard.com.br\/wp-content\/plugins\/wpforms\/assets\/images\/submit-spin.svg\" class=\"wpforms-submit-spinner\" style=\"display: none;\" width=\"26\" height=\"26\" alt=\"Loading\"><\/div><\/form><\/div>  <!-- .wpforms-container --><\/div>\n\t\t\t\t<\/div>\n\t\t\t\t<\/div>\n\t\t\t\t\t<\/div>\n\t\t\t\t<\/div>\n\t\t\t\t\t\t\t<\/div>\n\t\t","protected":false},"excerpt":{"rendered":"<p>IMPLANTA\u00c7\u00c3O V2<\/p>\n","protected":false},"author":1,"featured_media":0,"parent":0,"menu_order":0,"comment_status":"closed","ping_status":"closed","template":"","meta":{"site-sidebar-layout":"no-sidebar","site-content-layout":"page-builder","ast-global-header-display":"","ast-banner-title-visibility":"","ast-main-header-display":"","ast-hfb-above-header-display":"","ast-hfb-below-header-display":"","ast-hfb-mobile-header-display":"","site-post-title":"disabled","ast-breadcrumbs-content":"","ast-featured-img":"disabled","footer-sml-layout":"","theme-transparent-header-meta":"","adv-header-id-meta":"","stick-header-meta":"","header-above-stick-meta":"","header-main-stick-meta":"","header-below-stick-meta":"","footnotes":""},"_links":{"self":[{"href":"https:\/\/wiki.azulcard.com.br\/index.php?rest_route=\/wp\/v2\/pages\/171"}],"collection":[{"href":"https:\/\/wiki.azulcard.com.br\/index.php?rest_route=\/wp\/v2\/pages"}],"about":[{"href":"https:\/\/wiki.azulcard.com.br\/index.php?rest_route=\/wp\/v2\/types\/page"}],"author":[{"embeddable":true,"href":"https:\/\/wiki.azulcard.com.br\/index.php?rest_route=\/wp\/v2\/users\/1"}],"replies":[{"embeddable":true,"href":"https:\/\/wiki.azulcard.com.br\/index.php?rest_route=%2Fwp%2Fv2%2Fcomments&post=171"}],"version-history":[{"count":4,"href":"https:\/\/wiki.azulcard.com.br\/index.php?rest_route=\/wp\/v2\/pages\/171\/revisions"}],"predecessor-version":[{"id":178,"href":"https:\/\/wiki.azulcard.com.br\/index.php?rest_route=\/wp\/v2\/pages\/171\/revisions\/178"}],"wp:attachment":[{"href":"https:\/\/wiki.azulcard.com.br\/index.php?rest_route=%2Fwp%2Fv2%2Fmedia&parent=171"}],"curies":[{"name":"wp","href":"https:\/\/api.w.org\/{rel}","templated":true}]}}